{"id":4307,"date":"2019-07-25T12:19:06","date_gmt":"2019-07-25T10:19:06","guid":{"rendered":"https:\/\/www.diatex.com\/?page_id=4307"},"modified":"2021-04-30T13:44:27","modified_gmt":"2021-04-30T11:44:27","slug":"guetesiegel-trophaeen","status":"publish","type":"page","link":"https:\/\/www.diatex.com\/de\/die-gruppe\/diatex\/guetesiegel-trophaeen\/","title":{"rendered":"G\u00fctesiegel &#038; Troph\u00e4en"},"content":{"rendered":"","protected":false},"excerpt":{"rendered":"","protected":false},"author":2,"featured_media":0,"parent":4347,"menu_order":0,"comment_status":"closed","ping_status":"closed","template":"","meta":{"_acf_changed":false,"passster_activate_protection":false,"passster_protect_child_pages":"","passster_protection_type":"password","passster_password":"","passster_activate_overwrite_defaults":"","passster_headline":"","passster_instruction":"","passster_placeholder":"","passster_button":"","passster_id":"","passster_activate_misc_settings":"","passster_redirect_url":"","passster_hide":"no","passster_area_shortcode":"","footnotes":""},"class_list":["post-4307","page","type-page","status-publish","hentry"],"acf":[],"yoast_head":"<!-- This site is optimized with the Yoast SEO plugin v25.0 - https:\/\/yoast.com\/wordpress\/plugins\/seo\/ -->\n<title>G\u00fctesiegel &amp; Troph\u00e4en - Diatex<\/title>\n<meta name=\"description\" content=\"DIATEX, EIN LEISTUNGSSTARKES UNTERNEHMEN MIT EINEM G\u00dcTESIEGEL...\" \/>\n<meta name=\"robots\" content=\"index, follow, max-snippet:-1, max-image-preview:large, max-video-preview:-1\" \/>\n<link rel=\"canonical\" href=\"https:\/\/www.diatex.com\/de\/die-gruppe\/diatex\/guetesiegel-trophaeen\/\" \/>\n<meta property=\"og:locale\" content=\"de_DE\" \/>\n<meta property=\"og:type\" content=\"article\" \/>\n<meta property=\"og:title\" content=\"G\u00fctesiegel &amp; Troph\u00e4en - Diatex\" \/>\n<meta property=\"og:description\" content=\"DIATEX, EIN LEISTUNGSSTARKES UNTERNEHMEN MIT EINEM G\u00dcTESIEGEL...\" \/>\n<meta property=\"og:url\" content=\"https:\/\/www.diatex.com\/de\/die-gruppe\/diatex\/guetesiegel-trophaeen\/\" \/>\n<meta property=\"og:site_name\" content=\"Diatex\" \/>\n<meta property=\"article:modified_time\" content=\"2021-04-30T11:44:27+00:00\" \/>\n<meta name=\"twitter:card\" content=\"summary_large_image\" \/>\n<script type=\"application\/ld+json\" class=\"yoast-schema-graph\">{\"@context\":\"https:\/\/schema.org\",\"@graph\":[{\"@type\":\"WebPage\",\"@id\":\"https:\/\/www.diatex.com\/de\/die-gruppe\/diatex\/guetesiegel-trophaeen\/\",\"url\":\"https:\/\/www.diatex.com\/de\/die-gruppe\/diatex\/guetesiegel-trophaeen\/\",\"name\":\"G\u00fctesiegel & Troph\u00e4en - Diatex\",\"isPartOf\":{\"@id\":\"https:\/\/www.diatex.com\/fr\/#website\"},\"datePublished\":\"2019-07-25T10:19:06+00:00\",\"dateModified\":\"2021-04-30T11:44:27+00:00\",\"description\":\"DIATEX, EIN LEISTUNGSSTARKES UNTERNEHMEN MIT EINEM G\u00dcTESIEGEL...\",\"breadcrumb\":{\"@id\":\"https:\/\/www.diatex.com\/de\/die-gruppe\/diatex\/guetesiegel-trophaeen\/#breadcrumb\"},\"inLanguage\":\"de-DE\",\"potentialAction\":[{\"@type\":\"ReadAction\",\"target\":[\"https:\/\/www.diatex.com\/de\/die-gruppe\/diatex\/guetesiegel-trophaeen\/\"]}]},{\"@type\":\"BreadcrumbList\",\"@id\":\"https:\/\/www.diatex.com\/de\/die-gruppe\/diatex\/guetesiegel-trophaeen\/#breadcrumb\",\"itemListElement\":[{\"@type\":\"ListItem\",\"position\":1,\"name\":\"Home\",\"item\":\"https:\/\/www.diatex.com\/de\/\"},{\"@type\":\"ListItem\",\"position\":2,\"name\":\"Die Gruppe\",\"item\":\"https:\/\/www.diatex.com\/de\/die-gruppe\/\"},{\"@type\":\"ListItem\",\"position\":3,\"name\":\"Diatex\",\"item\":\"https:\/\/www.diatex.com\/de\/die-gruppe\/diatex\/\"},{\"@type\":\"ListItem\",\"position\":4,\"name\":\"G\u00fctesiegel &#038; Troph\u00e4en\"}]},{\"@type\":\"WebSite\",\"@id\":\"https:\/\/www.diatex.com\/fr\/#website\",\"url\":\"https:\/\/www.diatex.com\/fr\/\",\"name\":\"Diatex\",\"description\":\"\",\"potentialAction\":[{\"@type\":\"SearchAction\",\"target\":{\"@type\":\"EntryPoint\",\"urlTemplate\":\"https:\/\/www.diatex.com\/fr\/?s={search_term_string}\"},\"query-input\":{\"@type\":\"PropertyValueSpecification\",\"valueRequired\":true,\"valueName\":\"search_term_string\"}}],\"inLanguage\":\"de-DE\"}]}<\/script>\n<!-- \/ Yoast SEO plugin. -->","yoast_head_json":{"title":"G\u00fctesiegel & Troph\u00e4en - Diatex","description":"DIATEX, EIN LEISTUNGSSTARKES UNTERNEHMEN MIT EINEM G\u00dcTESIEGEL...","robots":{"index":"index","follow":"follow","max-snippet":"max-snippet:-1","max-image-preview":"max-image-preview:large","max-video-preview":"max-video-preview:-1"},"canonical":"https:\/\/www.diatex.com\/de\/die-gruppe\/diatex\/guetesiegel-trophaeen\/","og_locale":"de_DE","og_type":"article","og_title":"G\u00fctesiegel & Troph\u00e4en - Diatex","og_description":"DIATEX, EIN LEISTUNGSSTARKES UNTERNEHMEN MIT EINEM G\u00dcTESIEGEL...","og_url":"https:\/\/www.diatex.com\/de\/die-gruppe\/diatex\/guetesiegel-trophaeen\/","og_site_name":"Diatex","article_modified_time":"2021-04-30T11:44:27+00:00","twitter_card":"summary_large_image","schema":{"@context":"https:\/\/schema.org","@graph":[{"@type":"WebPage","@id":"https:\/\/www.diatex.com\/de\/die-gruppe\/diatex\/guetesiegel-trophaeen\/","url":"https:\/\/www.diatex.com\/de\/die-gruppe\/diatex\/guetesiegel-trophaeen\/","name":"G\u00fctesiegel & Troph\u00e4en - Diatex","isPartOf":{"@id":"https:\/\/www.diatex.com\/fr\/#website"},"datePublished":"2019-07-25T10:19:06+00:00","dateModified":"2021-04-30T11:44:27+00:00","description":"DIATEX, EIN LEISTUNGSSTARKES UNTERNEHMEN MIT EINEM G\u00dcTESIEGEL...","breadcrumb":{"@id":"https:\/\/www.diatex.com\/de\/die-gruppe\/diatex\/guetesiegel-trophaeen\/#breadcrumb"},"inLanguage":"de-DE","potentialAction":[{"@type":"ReadAction","target":["https:\/\/www.diatex.com\/de\/die-gruppe\/diatex\/guetesiegel-trophaeen\/"]}]},{"@type":"BreadcrumbList","@id":"https:\/\/www.diatex.com\/de\/die-gruppe\/diatex\/guetesiegel-trophaeen\/#breadcrumb","itemListElement":[{"@type":"ListItem","position":1,"name":"Home","item":"https:\/\/www.diatex.com\/de\/"},{"@type":"ListItem","position":2,"name":"Die Gruppe","item":"https:\/\/www.diatex.com\/de\/die-gruppe\/"},{"@type":"ListItem","position":3,"name":"Diatex","item":"https:\/\/www.diatex.com\/de\/die-gruppe\/diatex\/"},{"@type":"ListItem","position":4,"name":"G\u00fctesiegel &#038; Troph\u00e4en"}]},{"@type":"WebSite","@id":"https:\/\/www.diatex.com\/fr\/#website","url":"https:\/\/www.diatex.com\/fr\/","name":"Diatex","description":"","potentialAction":[{"@type":"SearchAction","target":{"@type":"EntryPoint","urlTemplate":"https:\/\/www.diatex.com\/fr\/?s={search_term_string}"},"query-input":{"@type":"PropertyValueSpecification","valueRequired":true,"valueName":"search_term_string"}}],"inLanguage":"de-DE"}]}},"_links":{"self":[{"href":"https:\/\/www.diatex.com\/de\/wp-json\/wp\/v2\/pages\/4307","targetHints":{"allow":["GET"]}}],"collection":[{"href":"https:\/\/www.diatex.com\/de\/wp-json\/wp\/v2\/pages"}],"about":[{"href":"https:\/\/www.diatex.com\/de\/wp-json\/wp\/v2\/types\/page"}],"author":[{"embeddable":true,"href":"https:\/\/www.diatex.com\/de\/wp-json\/wp\/v2\/users\/2"}],"replies":[{"embeddable":true,"href":"https:\/\/www.diatex.com\/de\/wp-json\/wp\/v2\/comments?post=4307"}],"version-history":[{"count":13,"href":"https:\/\/www.diatex.com\/de\/wp-json\/wp\/v2\/pages\/4307\/revisions"}],"predecessor-version":[{"id":9187,"href":"https:\/\/www.diatex.com\/de\/wp-json\/wp\/v2\/pages\/4307\/revisions\/9187"}],"up":[{"embeddable":true,"href":"https:\/\/www.diatex.com\/de\/wp-json\/wp\/v2\/pages\/4347"}],"wp:attachment":[{"href":"https:\/\/www.diatex.com\/de\/wp-json\/wp\/v2\/media?parent=4307"}],"curies":[{"name":"wp","href":"https:\/\/api.w.org\/{rel}","templated":true}]}}