{"id":7156,"date":"2020-12-03T16:16:41","date_gmt":"2020-12-03T15:16:41","guid":{"rendered":"https:\/\/www.diatex.com\/?page_id=7156"},"modified":"2021-04-26T15:52:18","modified_gmt":"2021-04-26T13:52:18","slug":"medizintechnik","status":"publish","type":"page","link":"https:\/\/www.diatex.com\/de\/markte\/medizintechnik\/","title":{"rendered":"Medizintechnik"},"content":{"rendered":"","protected":false},"excerpt":{"rendered":"","protected":false},"author":2,"featured_media":5828,"parent":4403,"menu_order":0,"comment_status":"closed","ping_status":"closed","template":"","meta":{"_acf_changed":false,"passster_activate_protection":false,"passster_protect_child_pages":"","passster_protection_type":"password","passster_password":"","passster_activate_overwrite_defaults":"","passster_headline":"","passster_instruction":"","passster_placeholder":"","passster_button":"","passster_id":"","passster_activate_misc_settings":"","passster_redirect_url":"","passster_hide":"no","passster_area_shortcode":"","footnotes":""},"class_list":["post-7156","page","type-page","status-publish","has-post-thumbnail","hentry"],"acf":[],"yoast_head":"<!-- This site is optimized with the Yoast SEO plugin v25.0 - https:\/\/yoast.com\/wordpress\/plugins\/seo\/ -->\n<title>Medizintechnik - Marktsegmente | Diatex<\/title>\n<meta name=\"description\" content=\"Diatex, mit seinem Fachwissen in den Bereichen Weben und Gewebebehandlung, stellt in seinen Fertigungsst\u00e4tten eine breite Palette von technischen Geweben mit medizinischer oder paramedizinischer Ausrichtung her.\" \/>\n<meta name=\"robots\" content=\"index, follow, max-snippet:-1, max-image-preview:large, max-video-preview:-1\" \/>\n<link rel=\"canonical\" href=\"https:\/\/www.diatex.com\/de\/markte\/medizintechnik\/\" \/>\n<meta property=\"og:locale\" content=\"de_DE\" \/>\n<meta property=\"og:type\" content=\"article\" \/>\n<meta property=\"og:title\" content=\"Medizintechnik - Marktsegmente | Diatex\" \/>\n<meta property=\"og:description\" content=\"Diatex, mit seinem Fachwissen in den Bereichen Weben und Gewebebehandlung, stellt in seinen Fertigungsst\u00e4tten eine breite Palette von technischen Geweben mit medizinischer oder paramedizinischer Ausrichtung her.\" \/>\n<meta property=\"og:url\" content=\"https:\/\/www.diatex.com\/de\/markte\/medizintechnik\/\" \/>\n<meta property=\"og:site_name\" content=\"Diatex\" \/>\n<meta property=\"article:modified_time\" content=\"2021-04-26T13:52:18+00:00\" \/>\n<meta property=\"og:image\" content=\"https:\/\/www.diatex.com\/var\/www\/diatex.com\/web\/uploads\/2020\/05\/medical-march\u00e9-365-x-240-px.jpg\" \/>\n\t<meta property=\"og:image:width\" content=\"365\" \/>\n\t<meta property=\"og:image:height\" content=\"240\" \/>\n\t<meta property=\"og:image:type\" content=\"image\/jpeg\" \/>\n<meta name=\"twitter:card\" content=\"summary_large_image\" \/>\n<script type=\"application\/ld+json\" class=\"yoast-schema-graph\">{\"@context\":\"https:\/\/schema.org\",\"@graph\":[{\"@type\":\"WebPage\",\"@id\":\"https:\/\/www.diatex.com\/de\/markte\/medizintechnik\/\",\"url\":\"https:\/\/www.diatex.com\/de\/markte\/medizintechnik\/\",\"name\":\"Medizintechnik - Marktsegmente | Diatex\",\"isPartOf\":{\"@id\":\"https:\/\/www.diatex.com\/fr\/#website\"},\"primaryImageOfPage\":{\"@id\":\"https:\/\/www.diatex.com\/de\/markte\/medizintechnik\/#primaryimage\"},\"image\":{\"@id\":\"https:\/\/www.diatex.com\/de\/markte\/medizintechnik\/#primaryimage\"},\"thumbnailUrl\":\"https:\/\/www.diatex.com\/wp-content\/uploads\/2020\/05\/medical-march\u00e9-365-x-240-px.jpg\",\"datePublished\":\"2020-12-03T15:16:41+00:00\",\"dateModified\":\"2021-04-26T13:52:18+00:00\",\"description\":\"Diatex, mit seinem Fachwissen in den Bereichen Weben und Gewebebehandlung, stellt in seinen Fertigungsst\u00e4tten eine breite Palette von technischen Geweben mit medizinischer oder paramedizinischer Ausrichtung her.\",\"breadcrumb\":{\"@id\":\"https:\/\/www.diatex.com\/de\/markte\/medizintechnik\/#breadcrumb\"},\"inLanguage\":\"de-DE\",\"potentialAction\":[{\"@type\":\"ReadAction\",\"target\":[\"https:\/\/www.diatex.com\/de\/markte\/medizintechnik\/\"]}]},{\"@type\":\"ImageObject\",\"inLanguage\":\"de-DE\",\"@id\":\"https:\/\/www.diatex.com\/de\/markte\/medizintechnik\/#primaryimage\",\"url\":\"https:\/\/www.diatex.com\/wp-content\/uploads\/2020\/05\/medical-march\u00e9-365-x-240-px.jpg\",\"contentUrl\":\"https:\/\/www.diatex.com\/wp-content\/uploads\/2020\/05\/medical-march\u00e9-365-x-240-px.jpg\",\"width\":365,\"height\":240,\"caption\":\"March\u00e9 du m\u00e9dical\"},{\"@type\":\"BreadcrumbList\",\"@id\":\"https:\/\/www.diatex.com\/de\/markte\/medizintechnik\/#breadcrumb\",\"itemListElement\":[{\"@type\":\"ListItem\",\"position\":1,\"name\":\"Home\",\"item\":\"https:\/\/www.diatex.com\/de\/\"},{\"@type\":\"ListItem\",\"position\":2,\"name\":\"M\u00e4rkte\",\"item\":\"https:\/\/www.diatex.com\/de\/markte\/\"},{\"@type\":\"ListItem\",\"position\":3,\"name\":\"Medizintechnik\"}]},{\"@type\":\"WebSite\",\"@id\":\"https:\/\/www.diatex.com\/fr\/#website\",\"url\":\"https:\/\/www.diatex.com\/fr\/\",\"name\":\"Diatex\",\"description\":\"\",\"potentialAction\":[{\"@type\":\"SearchAction\",\"target\":{\"@type\":\"EntryPoint\",\"urlTemplate\":\"https:\/\/www.diatex.com\/fr\/?s={search_term_string}\"},\"query-input\":{\"@type\":\"PropertyValueSpecification\",\"valueRequired\":true,\"valueName\":\"search_term_string\"}}],\"inLanguage\":\"de-DE\"}]}<\/script>\n<!-- \/ Yoast SEO plugin. -->","yoast_head_json":{"title":"Medizintechnik - Marktsegmente | Diatex","description":"Diatex, mit seinem Fachwissen in den Bereichen Weben und Gewebebehandlung, stellt in seinen Fertigungsst\u00e4tten eine breite Palette von technischen Geweben mit medizinischer oder paramedizinischer Ausrichtung her.","robots":{"index":"index","follow":"follow","max-snippet":"max-snippet:-1","max-image-preview":"max-image-preview:large","max-video-preview":"max-video-preview:-1"},"canonical":"https:\/\/www.diatex.com\/de\/markte\/medizintechnik\/","og_locale":"de_DE","og_type":"article","og_title":"Medizintechnik - Marktsegmente | Diatex","og_description":"Diatex, mit seinem Fachwissen in den Bereichen Weben und Gewebebehandlung, stellt in seinen Fertigungsst\u00e4tten eine breite Palette von technischen Geweben mit medizinischer oder paramedizinischer Ausrichtung her.","og_url":"https:\/\/www.diatex.com\/de\/markte\/medizintechnik\/","og_site_name":"Diatex","article_modified_time":"2021-04-26T13:52:18+00:00","og_image":[{"width":365,"height":240,"url":"https:\/\/www.diatex.com\/var\/www\/diatex.com\/web\/uploads\/2020\/05\/medical-march\u00e9-365-x-240-px.jpg","type":"image\/jpeg"}],"twitter_card":"summary_large_image","schema":{"@context":"https:\/\/schema.org","@graph":[{"@type":"WebPage","@id":"https:\/\/www.diatex.com\/de\/markte\/medizintechnik\/","url":"https:\/\/www.diatex.com\/de\/markte\/medizintechnik\/","name":"Medizintechnik - Marktsegmente | Diatex","isPartOf":{"@id":"https:\/\/www.diatex.com\/fr\/#website"},"primaryImageOfPage":{"@id":"https:\/\/www.diatex.com\/de\/markte\/medizintechnik\/#primaryimage"},"image":{"@id":"https:\/\/www.diatex.com\/de\/markte\/medizintechnik\/#primaryimage"},"thumbnailUrl":"https:\/\/www.diatex.com\/wp-content\/uploads\/2020\/05\/medical-march\u00e9-365-x-240-px.jpg","datePublished":"2020-12-03T15:16:41+00:00","dateModified":"2021-04-26T13:52:18+00:00","description":"Diatex, mit seinem Fachwissen in den Bereichen Weben und Gewebebehandlung, stellt in seinen Fertigungsst\u00e4tten eine breite Palette von technischen Geweben mit medizinischer oder paramedizinischer Ausrichtung her.","breadcrumb":{"@id":"https:\/\/www.diatex.com\/de\/markte\/medizintechnik\/#breadcrumb"},"inLanguage":"de-DE","potentialAction":[{"@type":"ReadAction","target":["https:\/\/www.diatex.com\/de\/markte\/medizintechnik\/"]}]},{"@type":"ImageObject","inLanguage":"de-DE","@id":"https:\/\/www.diatex.com\/de\/markte\/medizintechnik\/#primaryimage","url":"https:\/\/www.diatex.com\/wp-content\/uploads\/2020\/05\/medical-march\u00e9-365-x-240-px.jpg","contentUrl":"https:\/\/www.diatex.com\/wp-content\/uploads\/2020\/05\/medical-march\u00e9-365-x-240-px.jpg","width":365,"height":240,"caption":"March\u00e9 du m\u00e9dical"},{"@type":"BreadcrumbList","@id":"https:\/\/www.diatex.com\/de\/markte\/medizintechnik\/#breadcrumb","itemListElement":[{"@type":"ListItem","position":1,"name":"Home","item":"https:\/\/www.diatex.com\/de\/"},{"@type":"ListItem","position":2,"name":"M\u00e4rkte","item":"https:\/\/www.diatex.com\/de\/markte\/"},{"@type":"ListItem","position":3,"name":"Medizintechnik"}]},{"@type":"WebSite","@id":"https:\/\/www.diatex.com\/fr\/#website","url":"https:\/\/www.diatex.com\/fr\/","name":"Diatex","description":"","potentialAction":[{"@type":"SearchAction","target":{"@type":"EntryPoint","urlTemplate":"https:\/\/www.diatex.com\/fr\/?s={search_term_string}"},"query-input":{"@type":"PropertyValueSpecification","valueRequired":true,"valueName":"search_term_string"}}],"inLanguage":"de-DE"}]}},"_links":{"self":[{"href":"https:\/\/www.diatex.com\/de\/wp-json\/wp\/v2\/pages\/7156","targetHints":{"allow":["GET"]}}],"collection":[{"href":"https:\/\/www.diatex.com\/de\/wp-json\/wp\/v2\/pages"}],"about":[{"href":"https:\/\/www.diatex.com\/de\/wp-json\/wp\/v2\/types\/page"}],"author":[{"embeddable":true,"href":"https:\/\/www.diatex.com\/de\/wp-json\/wp\/v2\/users\/2"}],"replies":[{"embeddable":true,"href":"https:\/\/www.diatex.com\/de\/wp-json\/wp\/v2\/comments?post=7156"}],"version-history":[{"count":3,"href":"https:\/\/www.diatex.com\/de\/wp-json\/wp\/v2\/pages\/7156\/revisions"}],"predecessor-version":[{"id":9037,"href":"https:\/\/www.diatex.com\/de\/wp-json\/wp\/v2\/pages\/7156\/revisions\/9037"}],"up":[{"embeddable":true,"href":"https:\/\/www.diatex.com\/de\/wp-json\/wp\/v2\/pages\/4403"}],"wp:featuredmedia":[{"embeddable":true,"href":"https:\/\/www.diatex.com\/de\/wp-json\/wp\/v2\/media\/5828"}],"wp:attachment":[{"href":"https:\/\/www.diatex.com\/de\/wp-json\/wp\/v2\/media?parent=7156"}],"curies":[{"name":"wp","href":"https:\/\/api.w.org\/{rel}","templated":true}]}}