{"id":1165,"date":"2019-01-04T11:41:11","date_gmt":"2019-01-04T10:41:11","guid":{"rendered":"https:\/\/www.diatex.com\/?page_id=1165"},"modified":"2019-02-20T11:21:25","modified_gmt":"2019-02-20T10:21:25","slug":"paiement","status":"publish","type":"page","link":"https:\/\/www.diatex.com\/fr\/paiement\/","title":{"rendered":"Paiement"},"content":{"rendered":"<p><strong><em>Merci de renseigner les \u00e9l\u00e9ments n\u00e9cessaires \u00e0 l&rsquo;identification de votre commande. <\/em><\/strong><br \/>\n<strong><em>Vous serez ensuite redirig\u00e9 vers la plateforme s\u00e9curis\u00e9e de notre banque.<\/em><\/strong><\/p>\n","protected":false},"excerpt":{"rendered":"<p>Merci de renseigner les \u00e9l\u00e9ments n\u00e9cessaires \u00e0 l&rsquo;identification de votre commande. Vous serez ensuite redirig\u00e9 vers la plateforme s\u00e9curis\u00e9e de notre banque.<\/p>\n","protected":false},"author":6,"featured_media":0,"parent":0,"menu_order":0,"comment_status":"closed","ping_status":"closed","template":"template-payment.php","meta":{"_acf_changed":false,"passster_activate_protection":false,"passster_protect_child_pages":"","passster_protection_type":"password","passster_password":"","passster_activate_overwrite_defaults":"","passster_headline":"","passster_instruction":"","passster_placeholder":"","passster_button":"","passster_id":"","passster_activate_misc_settings":"","passster_redirect_url":"","passster_hide":"no","passster_area_shortcode":"","footnotes":""},"class_list":["post-1165","page","type-page","status-publish","hentry"],"acf":[],"yoast_head":"<!-- This site is optimized with the Yoast SEO plugin v25.0 - https:\/\/yoast.com\/wordpress\/plugins\/seo\/ -->\n<title>Paiement - Diatex<\/title>\n<meta name=\"robots\" content=\"index, follow, max-snippet:-1, max-image-preview:large, max-video-preview:-1\" \/>\n<link rel=\"canonical\" href=\"https:\/\/www.diatex.com\/fr\/paiement\/\" \/>\n<meta property=\"og:locale\" content=\"fr_FR\" \/>\n<meta property=\"og:type\" content=\"article\" \/>\n<meta property=\"og:title\" content=\"Paiement - Diatex\" \/>\n<meta property=\"og:description\" content=\"Merci de renseigner les \u00e9l\u00e9ments n\u00e9cessaires \u00e0 l&rsquo;identification de votre commande. Vous serez ensuite redirig\u00e9 vers la plateforme s\u00e9curis\u00e9e de notre banque.\" \/>\n<meta property=\"og:url\" content=\"https:\/\/www.diatex.com\/fr\/paiement\/\" \/>\n<meta property=\"og:site_name\" content=\"Diatex\" \/>\n<meta property=\"article:modified_time\" content=\"2019-02-20T10:21:25+00:00\" \/>\n<meta name=\"twitter:card\" content=\"summary_large_image\" \/>\n<script type=\"application\/ld+json\" class=\"yoast-schema-graph\">{\"@context\":\"https:\/\/schema.org\",\"@graph\":[{\"@type\":\"WebPage\",\"@id\":\"https:\/\/www.diatex.com\/fr\/paiement\/\",\"url\":\"https:\/\/www.diatex.com\/fr\/paiement\/\",\"name\":\"Paiement - Diatex\",\"isPartOf\":{\"@id\":\"https:\/\/www.diatex.com\/fr\/#website\"},\"datePublished\":\"2019-01-04T10:41:11+00:00\",\"dateModified\":\"2019-02-20T10:21:25+00:00\",\"breadcrumb\":{\"@id\":\"https:\/\/www.diatex.com\/fr\/paiement\/#breadcrumb\"},\"inLanguage\":\"fr-FR\",\"potentialAction\":[{\"@type\":\"ReadAction\",\"target\":[\"https:\/\/www.diatex.com\/fr\/paiement\/\"]}]},{\"@type\":\"BreadcrumbList\",\"@id\":\"https:\/\/www.diatex.com\/fr\/paiement\/#breadcrumb\",\"itemListElement\":[{\"@type\":\"ListItem\",\"position\":1,\"name\":\"Accueil\",\"item\":\"https:\/\/www.diatex.com\/fr\/\"},{\"@type\":\"ListItem\",\"position\":2,\"name\":\"Paiement\"}]},{\"@type\":\"WebSite\",\"@id\":\"https:\/\/www.diatex.com\/fr\/#website\",\"url\":\"https:\/\/www.diatex.com\/fr\/\",\"name\":\"Diatex\",\"description\":\"\",\"potentialAction\":[{\"@type\":\"SearchAction\",\"target\":{\"@type\":\"EntryPoint\",\"urlTemplate\":\"https:\/\/www.diatex.com\/fr\/?s={search_term_string}\"},\"query-input\":{\"@type\":\"PropertyValueSpecification\",\"valueRequired\":true,\"valueName\":\"search_term_string\"}}],\"inLanguage\":\"fr-FR\"}]}<\/script>\n<!-- \/ Yoast SEO plugin. -->","yoast_head_json":{"title":"Paiement - Diatex","robots":{"index":"index","follow":"follow","max-snippet":"max-snippet:-1","max-image-preview":"max-image-preview:large","max-video-preview":"max-video-preview:-1"},"canonical":"https:\/\/www.diatex.com\/fr\/paiement\/","og_locale":"fr_FR","og_type":"article","og_title":"Paiement - Diatex","og_description":"Merci de renseigner les \u00e9l\u00e9ments n\u00e9cessaires \u00e0 l&rsquo;identification de votre commande. Vous serez ensuite redirig\u00e9 vers la plateforme s\u00e9curis\u00e9e de notre banque.","og_url":"https:\/\/www.diatex.com\/fr\/paiement\/","og_site_name":"Diatex","article_modified_time":"2019-02-20T10:21:25+00:00","twitter_card":"summary_large_image","schema":{"@context":"https:\/\/schema.org","@graph":[{"@type":"WebPage","@id":"https:\/\/www.diatex.com\/fr\/paiement\/","url":"https:\/\/www.diatex.com\/fr\/paiement\/","name":"Paiement - Diatex","isPartOf":{"@id":"https:\/\/www.diatex.com\/fr\/#website"},"datePublished":"2019-01-04T10:41:11+00:00","dateModified":"2019-02-20T10:21:25+00:00","breadcrumb":{"@id":"https:\/\/www.diatex.com\/fr\/paiement\/#breadcrumb"},"inLanguage":"fr-FR","potentialAction":[{"@type":"ReadAction","target":["https:\/\/www.diatex.com\/fr\/paiement\/"]}]},{"@type":"BreadcrumbList","@id":"https:\/\/www.diatex.com\/fr\/paiement\/#breadcrumb","itemListElement":[{"@type":"ListItem","position":1,"name":"Accueil","item":"https:\/\/www.diatex.com\/fr\/"},{"@type":"ListItem","position":2,"name":"Paiement"}]},{"@type":"WebSite","@id":"https:\/\/www.diatex.com\/fr\/#website","url":"https:\/\/www.diatex.com\/fr\/","name":"Diatex","description":"","potentialAction":[{"@type":"SearchAction","target":{"@type":"EntryPoint","urlTemplate":"https:\/\/www.diatex.com\/fr\/?s={search_term_string}"},"query-input":{"@type":"PropertyValueSpecification","valueRequired":true,"valueName":"search_term_string"}}],"inLanguage":"fr-FR"}]}},"_links":{"self":[{"href":"https:\/\/www.diatex.com\/fr\/wp-json\/wp\/v2\/pages\/1165","targetHints":{"allow":["GET"]}}],"collection":[{"href":"https:\/\/www.diatex.com\/fr\/wp-json\/wp\/v2\/pages"}],"about":[{"href":"https:\/\/www.diatex.com\/fr\/wp-json\/wp\/v2\/types\/page"}],"author":[{"embeddable":true,"href":"https:\/\/www.diatex.com\/fr\/wp-json\/wp\/v2\/users\/6"}],"replies":[{"embeddable":true,"href":"https:\/\/www.diatex.com\/fr\/wp-json\/wp\/v2\/comments?post=1165"}],"version-history":[{"count":8,"href":"https:\/\/www.diatex.com\/fr\/wp-json\/wp\/v2\/pages\/1165\/revisions"}],"predecessor-version":[{"id":3520,"href":"https:\/\/www.diatex.com\/fr\/wp-json\/wp\/v2\/pages\/1165\/revisions\/3520"}],"wp:attachment":[{"href":"https:\/\/www.diatex.com\/fr\/wp-json\/wp\/v2\/media?parent=1165"}],"curies":[{"name":"wp","href":"https:\/\/api.w.org\/{rel}","templated":true}]}}