{"id":222,"date":"2018-09-05T16:40:23","date_gmt":"2018-09-05T14:40:23","guid":{"rendered":"http:\/\/localhost\/diatex-2018\/web\/?page_id=222"},"modified":"2018-12-20T17:46:18","modified_gmt":"2018-12-20T16:46:18","slug":"echantillon-sur-demande","status":"publish","type":"page","link":"https:\/\/www.diatex.com\/fr\/echantillon-sur-demande\/","title":{"rendered":"\u00c9chantillon sur demande"},"content":{"rendered":"<p>Merci de bien formaliser votre demande et indiquer vos coordonn\u00e9es.<\/p>\n<p>Dans le champ \u00ab\u00a0soci\u00e9t\u00e9\u00a0\u00bb, indiquez Nom\/Pr\u00e9nom si soci\u00e9t\u00e9 en nom propre. \u00a0<\/p>\n","protected":false},"excerpt":{"rendered":"<p>Merci de bien formaliser votre demande et indiquer vos coordonn\u00e9es. Dans le champ \u00ab\u00a0soci\u00e9t\u00e9\u00a0\u00bb, indiquez Nom\/Pr\u00e9nom si soci\u00e9t\u00e9 en nom propre. \u00a0<\/p>\n","protected":false},"author":6,"featured_media":0,"parent":0,"menu_order":0,"comment_status":"closed","ping_status":"closed","template":"template-formulaire.php","meta":{"_acf_changed":false,"passster_activate_protection":false,"passster_protect_child_pages":"","passster_protection_type":"password","passster_password":"","passster_activate_overwrite_defaults":"","passster_headline":"","passster_instruction":"","passster_placeholder":"","passster_button":"","passster_id":"","passster_activate_misc_settings":"","passster_redirect_url":"","passster_hide":"no","passster_area_shortcode":"","footnotes":""},"class_list":["post-222","page","type-page","status-publish","hentry"],"acf":[],"yoast_head":"<!-- This site is optimized with the Yoast SEO plugin v25.0 - https:\/\/yoast.com\/wordpress\/plugins\/seo\/ -->\n<title>\u00c9chantillon sur demande - Diatex<\/title>\n<meta name=\"robots\" content=\"index, follow, max-snippet:-1, max-image-preview:large, max-video-preview:-1\" \/>\n<link rel=\"canonical\" href=\"https:\/\/www.diatex.com\/fr\/echantillon-sur-demande\/\" \/>\n<meta property=\"og:locale\" content=\"fr_FR\" \/>\n<meta property=\"og:type\" content=\"article\" \/>\n<meta property=\"og:title\" content=\"\u00c9chantillon sur demande - Diatex\" \/>\n<meta property=\"og:description\" content=\"Merci de bien formaliser votre demande et indiquer vos coordonn\u00e9es. Dans le champ \u00ab\u00a0soci\u00e9t\u00e9\u00a0\u00bb, indiquez Nom\/Pr\u00e9nom si soci\u00e9t\u00e9 en nom propre. \u00a0\" \/>\n<meta property=\"og:url\" content=\"https:\/\/www.diatex.com\/fr\/echantillon-sur-demande\/\" \/>\n<meta property=\"og:site_name\" content=\"Diatex\" \/>\n<meta property=\"article:modified_time\" content=\"2018-12-20T16:46:18+00:00\" \/>\n<meta name=\"twitter:card\" content=\"summary_large_image\" \/>\n<script type=\"application\/ld+json\" class=\"yoast-schema-graph\">{\"@context\":\"https:\/\/schema.org\",\"@graph\":[{\"@type\":\"WebPage\",\"@id\":\"https:\/\/www.diatex.com\/fr\/echantillon-sur-demande\/\",\"url\":\"https:\/\/www.diatex.com\/fr\/echantillon-sur-demande\/\",\"name\":\"\u00c9chantillon sur demande - Diatex\",\"isPartOf\":{\"@id\":\"https:\/\/www.diatex.com\/fr\/#website\"},\"datePublished\":\"2018-09-05T14:40:23+00:00\",\"dateModified\":\"2018-12-20T16:46:18+00:00\",\"breadcrumb\":{\"@id\":\"https:\/\/www.diatex.com\/fr\/echantillon-sur-demande\/#breadcrumb\"},\"inLanguage\":\"fr-FR\",\"potentialAction\":[{\"@type\":\"ReadAction\",\"target\":[\"https:\/\/www.diatex.com\/fr\/echantillon-sur-demande\/\"]}]},{\"@type\":\"BreadcrumbList\",\"@id\":\"https:\/\/www.diatex.com\/fr\/echantillon-sur-demande\/#breadcrumb\",\"itemListElement\":[{\"@type\":\"ListItem\",\"position\":1,\"name\":\"Accueil\",\"item\":\"https:\/\/www.diatex.com\/fr\/\"},{\"@type\":\"ListItem\",\"position\":2,\"name\":\"\u00c9chantillon sur demande\"}]},{\"@type\":\"WebSite\",\"@id\":\"https:\/\/www.diatex.com\/fr\/#website\",\"url\":\"https:\/\/www.diatex.com\/fr\/\",\"name\":\"Diatex\",\"description\":\"\",\"potentialAction\":[{\"@type\":\"SearchAction\",\"target\":{\"@type\":\"EntryPoint\",\"urlTemplate\":\"https:\/\/www.diatex.com\/fr\/?s={search_term_string}\"},\"query-input\":{\"@type\":\"PropertyValueSpecification\",\"valueRequired\":true,\"valueName\":\"search_term_string\"}}],\"inLanguage\":\"fr-FR\"}]}<\/script>\n<!-- \/ Yoast SEO plugin. -->","yoast_head_json":{"title":"\u00c9chantillon sur demande - Diatex","robots":{"index":"index","follow":"follow","max-snippet":"max-snippet:-1","max-image-preview":"max-image-preview:large","max-video-preview":"max-video-preview:-1"},"canonical":"https:\/\/www.diatex.com\/fr\/echantillon-sur-demande\/","og_locale":"fr_FR","og_type":"article","og_title":"\u00c9chantillon sur demande - Diatex","og_description":"Merci de bien formaliser votre demande et indiquer vos coordonn\u00e9es. Dans le champ \u00ab\u00a0soci\u00e9t\u00e9\u00a0\u00bb, indiquez Nom\/Pr\u00e9nom si soci\u00e9t\u00e9 en nom propre. \u00a0","og_url":"https:\/\/www.diatex.com\/fr\/echantillon-sur-demande\/","og_site_name":"Diatex","article_modified_time":"2018-12-20T16:46:18+00:00","twitter_card":"summary_large_image","schema":{"@context":"https:\/\/schema.org","@graph":[{"@type":"WebPage","@id":"https:\/\/www.diatex.com\/fr\/echantillon-sur-demande\/","url":"https:\/\/www.diatex.com\/fr\/echantillon-sur-demande\/","name":"\u00c9chantillon sur demande - Diatex","isPartOf":{"@id":"https:\/\/www.diatex.com\/fr\/#website"},"datePublished":"2018-09-05T14:40:23+00:00","dateModified":"2018-12-20T16:46:18+00:00","breadcrumb":{"@id":"https:\/\/www.diatex.com\/fr\/echantillon-sur-demande\/#breadcrumb"},"inLanguage":"fr-FR","potentialAction":[{"@type":"ReadAction","target":["https:\/\/www.diatex.com\/fr\/echantillon-sur-demande\/"]}]},{"@type":"BreadcrumbList","@id":"https:\/\/www.diatex.com\/fr\/echantillon-sur-demande\/#breadcrumb","itemListElement":[{"@type":"ListItem","position":1,"name":"Accueil","item":"https:\/\/www.diatex.com\/fr\/"},{"@type":"ListItem","position":2,"name":"\u00c9chantillon sur demande"}]},{"@type":"WebSite","@id":"https:\/\/www.diatex.com\/fr\/#website","url":"https:\/\/www.diatex.com\/fr\/","name":"Diatex","description":"","potentialAction":[{"@type":"SearchAction","target":{"@type":"EntryPoint","urlTemplate":"https:\/\/www.diatex.com\/fr\/?s={search_term_string}"},"query-input":{"@type":"PropertyValueSpecification","valueRequired":true,"valueName":"search_term_string"}}],"inLanguage":"fr-FR"}]}},"_links":{"self":[{"href":"https:\/\/www.diatex.com\/fr\/wp-json\/wp\/v2\/pages\/222","targetHints":{"allow":["GET"]}}],"collection":[{"href":"https:\/\/www.diatex.com\/fr\/wp-json\/wp\/v2\/pages"}],"about":[{"href":"https:\/\/www.diatex.com\/fr\/wp-json\/wp\/v2\/types\/page"}],"author":[{"embeddable":true,"href":"https:\/\/www.diatex.com\/fr\/wp-json\/wp\/v2\/users\/6"}],"replies":[{"embeddable":true,"href":"https:\/\/www.diatex.com\/fr\/wp-json\/wp\/v2\/comments?post=222"}],"version-history":[{"count":4,"href":"https:\/\/www.diatex.com\/fr\/wp-json\/wp\/v2\/pages\/222\/revisions"}],"predecessor-version":[{"id":831,"href":"https:\/\/www.diatex.com\/fr\/wp-json\/wp\/v2\/pages\/222\/revisions\/831"}],"wp:attachment":[{"href":"https:\/\/www.diatex.com\/fr\/wp-json\/wp\/v2\/media?parent=222"}],"curies":[{"name":"wp","href":"https:\/\/api.w.org\/{rel}","templated":true}]}}