{"id":3483,"date":"2019-02-15T16:36:52","date_gmt":"2019-02-15T15:36:52","guid":{"rendered":"https:\/\/www.diatex.com\/?page_id=3483"},"modified":"2019-02-15T17:09:02","modified_gmt":"2019-02-15T16:09:02","slug":"methode-simplifiee-dentoilage","status":"publish","type":"page","link":"https:\/\/www.diatex.com\/fr\/activites-services\/division-aeronautique-legere\/methode-simplifiee-dentoilage\/","title":{"rendered":"M\u00e9thode simplifi\u00e9e d&rsquo;entoilage"},"content":{"rendered":"","protected":false},"excerpt":{"rendered":"","protected":false},"author":2,"featured_media":0,"parent":643,"menu_order":0,"comment_status":"closed","ping_status":"closed","template":"","meta":{"_acf_changed":false,"passster_activate_protection":false,"passster_protect_child_pages":"","passster_protection_type":"password","passster_password":"","passster_activate_overwrite_defaults":"","passster_headline":"","passster_instruction":"","passster_placeholder":"","passster_button":"","passster_id":"","passster_activate_misc_settings":"","passster_redirect_url":"","passster_hide":"no","passster_area_shortcode":"","footnotes":""},"class_list":["post-3483","page","type-page","status-publish","hentry"],"acf":[],"yoast_head":"<!-- This site is optimized with the Yoast SEO plugin v25.0 - https:\/\/yoast.com\/wordpress\/plugins\/seo\/ -->\n<title>M\u00e9thode simplifi\u00e9e d&#039;entoilage - Diatex<\/title>\n<meta name=\"robots\" content=\"index, follow, max-snippet:-1, max-image-preview:large, max-video-preview:-1\" \/>\n<link rel=\"canonical\" href=\"https:\/\/www.diatex.com\/fr\/activites-services\/division-aeronautique-legere\/methode-simplifiee-dentoilage\/\" \/>\n<meta property=\"og:locale\" content=\"fr_FR\" \/>\n<meta property=\"og:type\" content=\"article\" \/>\n<meta property=\"og:title\" content=\"M\u00e9thode simplifi\u00e9e d&#039;entoilage - Diatex\" \/>\n<meta property=\"og:url\" content=\"https:\/\/www.diatex.com\/fr\/activites-services\/division-aeronautique-legere\/methode-simplifiee-dentoilage\/\" \/>\n<meta property=\"og:site_name\" content=\"Diatex\" \/>\n<meta property=\"article:modified_time\" content=\"2019-02-15T16:09:02+00:00\" \/>\n<meta name=\"twitter:card\" content=\"summary_large_image\" \/>\n<script type=\"application\/ld+json\" class=\"yoast-schema-graph\">{\"@context\":\"https:\/\/schema.org\",\"@graph\":[{\"@type\":\"WebPage\",\"@id\":\"https:\/\/www.diatex.com\/fr\/activites-services\/division-aeronautique-legere\/methode-simplifiee-dentoilage\/\",\"url\":\"https:\/\/www.diatex.com\/fr\/activites-services\/division-aeronautique-legere\/methode-simplifiee-dentoilage\/\",\"name\":\"M\u00e9thode simplifi\u00e9e d'entoilage - Diatex\",\"isPartOf\":{\"@id\":\"https:\/\/www.diatex.com\/fr\/#website\"},\"datePublished\":\"2019-02-15T15:36:52+00:00\",\"dateModified\":\"2019-02-15T16:09:02+00:00\",\"breadcrumb\":{\"@id\":\"https:\/\/www.diatex.com\/fr\/activites-services\/division-aeronautique-legere\/methode-simplifiee-dentoilage\/#breadcrumb\"},\"inLanguage\":\"fr-FR\",\"potentialAction\":[{\"@type\":\"ReadAction\",\"target\":[\"https:\/\/www.diatex.com\/fr\/activites-services\/division-aeronautique-legere\/methode-simplifiee-dentoilage\/\"]}]},{\"@type\":\"BreadcrumbList\",\"@id\":\"https:\/\/www.diatex.com\/fr\/activites-services\/division-aeronautique-legere\/methode-simplifiee-dentoilage\/#breadcrumb\",\"itemListElement\":[{\"@type\":\"ListItem\",\"position\":1,\"name\":\"Accueil\",\"item\":\"https:\/\/www.diatex.com\/fr\/\"},{\"@type\":\"ListItem\",\"position\":2,\"name\":\"Activit\u00e9s &#038; Services\",\"item\":\"https:\/\/www.diatex.com\/fr\/activites-services\/\"},{\"@type\":\"ListItem\",\"position\":3,\"name\":\"Division A\u00e9ronautique l\u00e9g\u00e8re\",\"item\":\"https:\/\/www.diatex.com\/fr\/activites-services\/division-aeronautique-legere\/\"},{\"@type\":\"ListItem\",\"position\":4,\"name\":\"M\u00e9thode simplifi\u00e9e d&#8217;entoilage\"}]},{\"@type\":\"WebSite\",\"@id\":\"https:\/\/www.diatex.com\/fr\/#website\",\"url\":\"https:\/\/www.diatex.com\/fr\/\",\"name\":\"Diatex\",\"description\":\"\",\"potentialAction\":[{\"@type\":\"SearchAction\",\"target\":{\"@type\":\"EntryPoint\",\"urlTemplate\":\"https:\/\/www.diatex.com\/fr\/?s={search_term_string}\"},\"query-input\":{\"@type\":\"PropertyValueSpecification\",\"valueRequired\":true,\"valueName\":\"search_term_string\"}}],\"inLanguage\":\"fr-FR\"}]}<\/script>\n<!-- \/ Yoast SEO plugin. -->","yoast_head_json":{"title":"M\u00e9thode simplifi\u00e9e d'entoilage - Diatex","robots":{"index":"index","follow":"follow","max-snippet":"max-snippet:-1","max-image-preview":"max-image-preview:large","max-video-preview":"max-video-preview:-1"},"canonical":"https:\/\/www.diatex.com\/fr\/activites-services\/division-aeronautique-legere\/methode-simplifiee-dentoilage\/","og_locale":"fr_FR","og_type":"article","og_title":"M\u00e9thode simplifi\u00e9e d'entoilage - Diatex","og_url":"https:\/\/www.diatex.com\/fr\/activites-services\/division-aeronautique-legere\/methode-simplifiee-dentoilage\/","og_site_name":"Diatex","article_modified_time":"2019-02-15T16:09:02+00:00","twitter_card":"summary_large_image","schema":{"@context":"https:\/\/schema.org","@graph":[{"@type":"WebPage","@id":"https:\/\/www.diatex.com\/fr\/activites-services\/division-aeronautique-legere\/methode-simplifiee-dentoilage\/","url":"https:\/\/www.diatex.com\/fr\/activites-services\/division-aeronautique-legere\/methode-simplifiee-dentoilage\/","name":"M\u00e9thode simplifi\u00e9e d'entoilage - Diatex","isPartOf":{"@id":"https:\/\/www.diatex.com\/fr\/#website"},"datePublished":"2019-02-15T15:36:52+00:00","dateModified":"2019-02-15T16:09:02+00:00","breadcrumb":{"@id":"https:\/\/www.diatex.com\/fr\/activites-services\/division-aeronautique-legere\/methode-simplifiee-dentoilage\/#breadcrumb"},"inLanguage":"fr-FR","potentialAction":[{"@type":"ReadAction","target":["https:\/\/www.diatex.com\/fr\/activites-services\/division-aeronautique-legere\/methode-simplifiee-dentoilage\/"]}]},{"@type":"BreadcrumbList","@id":"https:\/\/www.diatex.com\/fr\/activites-services\/division-aeronautique-legere\/methode-simplifiee-dentoilage\/#breadcrumb","itemListElement":[{"@type":"ListItem","position":1,"name":"Accueil","item":"https:\/\/www.diatex.com\/fr\/"},{"@type":"ListItem","position":2,"name":"Activit\u00e9s &#038; Services","item":"https:\/\/www.diatex.com\/fr\/activites-services\/"},{"@type":"ListItem","position":3,"name":"Division A\u00e9ronautique l\u00e9g\u00e8re","item":"https:\/\/www.diatex.com\/fr\/activites-services\/division-aeronautique-legere\/"},{"@type":"ListItem","position":4,"name":"M\u00e9thode simplifi\u00e9e d&#8217;entoilage"}]},{"@type":"WebSite","@id":"https:\/\/www.diatex.com\/fr\/#website","url":"https:\/\/www.diatex.com\/fr\/","name":"Diatex","description":"","potentialAction":[{"@type":"SearchAction","target":{"@type":"EntryPoint","urlTemplate":"https:\/\/www.diatex.com\/fr\/?s={search_term_string}"},"query-input":{"@type":"PropertyValueSpecification","valueRequired":true,"valueName":"search_term_string"}}],"inLanguage":"fr-FR"}]}},"_links":{"self":[{"href":"https:\/\/www.diatex.com\/fr\/wp-json\/wp\/v2\/pages\/3483","targetHints":{"allow":["GET"]}}],"collection":[{"href":"https:\/\/www.diatex.com\/fr\/wp-json\/wp\/v2\/pages"}],"about":[{"href":"https:\/\/www.diatex.com\/fr\/wp-json\/wp\/v2\/types\/page"}],"author":[{"embeddable":true,"href":"https:\/\/www.diatex.com\/fr\/wp-json\/wp\/v2\/users\/2"}],"replies":[{"embeddable":true,"href":"https:\/\/www.diatex.com\/fr\/wp-json\/wp\/v2\/comments?post=3483"}],"version-history":[{"count":12,"href":"https:\/\/www.diatex.com\/fr\/wp-json\/wp\/v2\/pages\/3483\/revisions"}],"predecessor-version":[{"id":3499,"href":"https:\/\/www.diatex.com\/fr\/wp-json\/wp\/v2\/pages\/3483\/revisions\/3499"}],"up":[{"embeddable":true,"href":"https:\/\/www.diatex.com\/fr\/wp-json\/wp\/v2\/pages\/643"}],"wp:attachment":[{"href":"https:\/\/www.diatex.com\/fr\/wp-json\/wp\/v2\/media?parent=3483"}],"curies":[{"name":"wp","href":"https:\/\/api.w.org\/{rel}","templated":true}]}}