{"id":38,"date":"2018-08-03T14:44:13","date_gmt":"2018-08-03T12:44:13","guid":{"rendered":"http:\/\/localhost\/diatex-2018\/web\/?page_id=38"},"modified":"2023-02-20T14:39:47","modified_gmt":"2023-02-20T13:39:47","slug":"labels-et-trophees","status":"publish","type":"page","link":"https:\/\/www.diatex.com\/fr\/le-groupe\/diatex\/labels-et-trophees\/","title":{"rendered":"Labels et troph\u00e9es"},"content":{"rendered":"","protected":false},"excerpt":{"rendered":"","protected":false},"author":6,"featured_media":0,"parent":34,"menu_order":0,"comment_status":"closed","ping_status":"closed","template":"","meta":{"_acf_changed":false,"passster_activate_protection":false,"passster_protect_child_pages":"","passster_protection_type":"password","passster_password":"","passster_activate_overwrite_defaults":"","passster_headline":"","passster_instruction":"","passster_placeholder":"","passster_button":"","passster_id":"","passster_activate_misc_settings":"","passster_redirect_url":"","passster_hide":"no","passster_area_shortcode":"","footnotes":""},"class_list":["post-38","page","type-page","status-publish","hentry"],"acf":[],"yoast_head":"<!-- This site is optimized with the Yoast SEO plugin v25.0 - https:\/\/yoast.com\/wordpress\/plugins\/seo\/ -->\n<title>Diatex | Labels et Troph\u00e9s<\/title>\n<meta name=\"description\" content=\"Diatex une entreprise fran\u00e7aise performante et engag\u00e9e soutenue par des labels \u00e9conomiques, \u00e9cologiques et locaux.\" \/>\n<meta name=\"robots\" content=\"index, follow, max-snippet:-1, max-image-preview:large, max-video-preview:-1\" \/>\n<link rel=\"canonical\" href=\"https:\/\/www.diatex.com\/fr\/le-groupe\/diatex\/labels-et-trophees\/\" \/>\n<meta property=\"og:locale\" content=\"fr_FR\" \/>\n<meta property=\"og:type\" content=\"article\" \/>\n<meta property=\"og:title\" content=\"Diatex | Labels et Troph\u00e9s\" \/>\n<meta property=\"og:description\" content=\"Diatex une entreprise fran\u00e7aise performante et engag\u00e9e soutenue par des labels \u00e9conomiques, \u00e9cologiques et locaux.\" \/>\n<meta property=\"og:url\" content=\"https:\/\/www.diatex.com\/fr\/le-groupe\/diatex\/labels-et-trophees\/\" \/>\n<meta property=\"og:site_name\" content=\"Diatex\" \/>\n<meta property=\"article:modified_time\" content=\"2023-02-20T13:39:47+00:00\" \/>\n<meta name=\"twitter:card\" content=\"summary_large_image\" \/>\n<script type=\"application\/ld+json\" class=\"yoast-schema-graph\">{\"@context\":\"https:\/\/schema.org\",\"@graph\":[{\"@type\":\"WebPage\",\"@id\":\"https:\/\/www.diatex.com\/fr\/le-groupe\/diatex\/labels-et-trophees\/\",\"url\":\"https:\/\/www.diatex.com\/fr\/le-groupe\/diatex\/labels-et-trophees\/\",\"name\":\"Diatex | Labels et Troph\u00e9s\",\"isPartOf\":{\"@id\":\"https:\/\/www.diatex.com\/fr\/#website\"},\"datePublished\":\"2018-08-03T12:44:13+00:00\",\"dateModified\":\"2023-02-20T13:39:47+00:00\",\"description\":\"Diatex une entreprise fran\u00e7aise performante et engag\u00e9e soutenue par des labels \u00e9conomiques, \u00e9cologiques et locaux.\",\"breadcrumb\":{\"@id\":\"https:\/\/www.diatex.com\/fr\/le-groupe\/diatex\/labels-et-trophees\/#breadcrumb\"},\"inLanguage\":\"fr-FR\",\"potentialAction\":[{\"@type\":\"ReadAction\",\"target\":[\"https:\/\/www.diatex.com\/fr\/le-groupe\/diatex\/labels-et-trophees\/\"]}]},{\"@type\":\"BreadcrumbList\",\"@id\":\"https:\/\/www.diatex.com\/fr\/le-groupe\/diatex\/labels-et-trophees\/#breadcrumb\",\"itemListElement\":[{\"@type\":\"ListItem\",\"position\":1,\"name\":\"Accueil\",\"item\":\"https:\/\/www.diatex.com\/fr\/\"},{\"@type\":\"ListItem\",\"position\":2,\"name\":\"Le Groupe\",\"item\":\"https:\/\/www.diatex.com\/fr\/le-groupe\/\"},{\"@type\":\"ListItem\",\"position\":3,\"name\":\"Diatex\",\"item\":\"https:\/\/www.diatex.com\/fr\/le-groupe\/diatex\/\"},{\"@type\":\"ListItem\",\"position\":4,\"name\":\"Labels et troph\u00e9es\"}]},{\"@type\":\"WebSite\",\"@id\":\"https:\/\/www.diatex.com\/fr\/#website\",\"url\":\"https:\/\/www.diatex.com\/fr\/\",\"name\":\"Diatex\",\"description\":\"\",\"potentialAction\":[{\"@type\":\"SearchAction\",\"target\":{\"@type\":\"EntryPoint\",\"urlTemplate\":\"https:\/\/www.diatex.com\/fr\/?s={search_term_string}\"},\"query-input\":{\"@type\":\"PropertyValueSpecification\",\"valueRequired\":true,\"valueName\":\"search_term_string\"}}],\"inLanguage\":\"fr-FR\"}]}<\/script>\n<!-- \/ Yoast SEO plugin. -->","yoast_head_json":{"title":"Diatex | Labels et Troph\u00e9s","description":"Diatex une entreprise fran\u00e7aise performante et engag\u00e9e soutenue par des labels \u00e9conomiques, \u00e9cologiques et locaux.","robots":{"index":"index","follow":"follow","max-snippet":"max-snippet:-1","max-image-preview":"max-image-preview:large","max-video-preview":"max-video-preview:-1"},"canonical":"https:\/\/www.diatex.com\/fr\/le-groupe\/diatex\/labels-et-trophees\/","og_locale":"fr_FR","og_type":"article","og_title":"Diatex | Labels et Troph\u00e9s","og_description":"Diatex une entreprise fran\u00e7aise performante et engag\u00e9e soutenue par des labels \u00e9conomiques, \u00e9cologiques et locaux.","og_url":"https:\/\/www.diatex.com\/fr\/le-groupe\/diatex\/labels-et-trophees\/","og_site_name":"Diatex","article_modified_time":"2023-02-20T13:39:47+00:00","twitter_card":"summary_large_image","schema":{"@context":"https:\/\/schema.org","@graph":[{"@type":"WebPage","@id":"https:\/\/www.diatex.com\/fr\/le-groupe\/diatex\/labels-et-trophees\/","url":"https:\/\/www.diatex.com\/fr\/le-groupe\/diatex\/labels-et-trophees\/","name":"Diatex | Labels et Troph\u00e9s","isPartOf":{"@id":"https:\/\/www.diatex.com\/fr\/#website"},"datePublished":"2018-08-03T12:44:13+00:00","dateModified":"2023-02-20T13:39:47+00:00","description":"Diatex une entreprise fran\u00e7aise performante et engag\u00e9e soutenue par des labels \u00e9conomiques, \u00e9cologiques et locaux.","breadcrumb":{"@id":"https:\/\/www.diatex.com\/fr\/le-groupe\/diatex\/labels-et-trophees\/#breadcrumb"},"inLanguage":"fr-FR","potentialAction":[{"@type":"ReadAction","target":["https:\/\/www.diatex.com\/fr\/le-groupe\/diatex\/labels-et-trophees\/"]}]},{"@type":"BreadcrumbList","@id":"https:\/\/www.diatex.com\/fr\/le-groupe\/diatex\/labels-et-trophees\/#breadcrumb","itemListElement":[{"@type":"ListItem","position":1,"name":"Accueil","item":"https:\/\/www.diatex.com\/fr\/"},{"@type":"ListItem","position":2,"name":"Le Groupe","item":"https:\/\/www.diatex.com\/fr\/le-groupe\/"},{"@type":"ListItem","position":3,"name":"Diatex","item":"https:\/\/www.diatex.com\/fr\/le-groupe\/diatex\/"},{"@type":"ListItem","position":4,"name":"Labels et troph\u00e9es"}]},{"@type":"WebSite","@id":"https:\/\/www.diatex.com\/fr\/#website","url":"https:\/\/www.diatex.com\/fr\/","name":"Diatex","description":"","potentialAction":[{"@type":"SearchAction","target":{"@type":"EntryPoint","urlTemplate":"https:\/\/www.diatex.com\/fr\/?s={search_term_string}"},"query-input":{"@type":"PropertyValueSpecification","valueRequired":true,"valueName":"search_term_string"}}],"inLanguage":"fr-FR"}]}},"_links":{"self":[{"href":"https:\/\/www.diatex.com\/fr\/wp-json\/wp\/v2\/pages\/38","targetHints":{"allow":["GET"]}}],"collection":[{"href":"https:\/\/www.diatex.com\/fr\/wp-json\/wp\/v2\/pages"}],"about":[{"href":"https:\/\/www.diatex.com\/fr\/wp-json\/wp\/v2\/types\/page"}],"author":[{"embeddable":true,"href":"https:\/\/www.diatex.com\/fr\/wp-json\/wp\/v2\/users\/6"}],"replies":[{"embeddable":true,"href":"https:\/\/www.diatex.com\/fr\/wp-json\/wp\/v2\/comments?post=38"}],"version-history":[{"count":46,"href":"https:\/\/www.diatex.com\/fr\/wp-json\/wp\/v2\/pages\/38\/revisions"}],"predecessor-version":[{"id":10430,"href":"https:\/\/www.diatex.com\/fr\/wp-json\/wp\/v2\/pages\/38\/revisions\/10430"}],"up":[{"embeddable":true,"href":"https:\/\/www.diatex.com\/fr\/wp-json\/wp\/v2\/pages\/34"}],"wp:attachment":[{"href":"https:\/\/www.diatex.com\/fr\/wp-json\/wp\/v2\/media?parent=38"}],"curies":[{"name":"wp","href":"https:\/\/api.w.org\/{rel}","templated":true}]}}