{"id":5818,"date":"2020-05-20T10:35:44","date_gmt":"2020-05-20T08:35:44","guid":{"rendered":"https:\/\/www.diatex.com\/marches\/luxe-2\/"},"modified":"2022-10-07T14:17:14","modified_gmt":"2022-10-07T12:17:14","slug":"medical","status":"publish","type":"page","link":"https:\/\/www.diatex.com\/fr\/marches\/medical\/","title":{"rendered":"M\u00e9dical"},"content":{"rendered":"","protected":false},"excerpt":{"rendered":"","protected":false},"author":2,"featured_media":5826,"parent":12,"menu_order":0,"comment_status":"closed","ping_status":"closed","template":"","meta":{"_acf_changed":false,"passster_activate_protection":false,"passster_protect_child_pages":"","passster_protection_type":"password","passster_password":"","passster_activate_overwrite_defaults":"","passster_headline":"","passster_instruction":"","passster_placeholder":"","passster_button":"","passster_id":"","passster_activate_misc_settings":"","passster_redirect_url":"","passster_hide":"no","passster_area_shortcode":"","footnotes":""},"class_list":["post-5818","page","type-page","status-publish","has-post-thumbnail","hentry"],"acf":[],"yoast_head":"<!-- This site is optimized with the Yoast SEO plugin v25.0 - https:\/\/yoast.com\/wordpress\/plugins\/seo\/ -->\n<title>M\u00e9dical - Diatex<\/title>\n<meta name=\"description\" content=\"Masques, blouses, sas d\u2019isolation, textiles anti-bact\u00e9rien\/virucides, parois mobiles, sac de confinement, tentes m\u00e9dicales d&#039;urgence\" \/>\n<meta name=\"robots\" content=\"index, follow, max-snippet:-1, max-image-preview:large, max-video-preview:-1\" \/>\n<link rel=\"canonical\" href=\"https:\/\/www.diatex.com\/fr\/marches\/medical\/\" \/>\n<meta property=\"og:locale\" content=\"fr_FR\" \/>\n<meta property=\"og:type\" content=\"article\" \/>\n<meta property=\"og:title\" content=\"M\u00e9dical - Diatex\" \/>\n<meta property=\"og:description\" content=\"Masques, blouses, sas d\u2019isolation, textiles anti-bact\u00e9rien\/virucides, parois mobiles, sac de confinement, tentes m\u00e9dicales d&#039;urgence\" \/>\n<meta property=\"og:url\" content=\"https:\/\/www.diatex.com\/fr\/marches\/medical\/\" \/>\n<meta property=\"og:site_name\" content=\"Diatex\" \/>\n<meta property=\"article:modified_time\" content=\"2022-10-07T12:17:14+00:00\" \/>\n<meta property=\"og:image\" content=\"https:\/\/www.diatex.com\/var\/www\/diatex.com\/web\/uploads\/2020\/05\/medical-march\u00e9-365-x-240-px.jpg\" \/>\n\t<meta property=\"og:image:width\" content=\"365\" \/>\n\t<meta property=\"og:image:height\" content=\"240\" \/>\n\t<meta property=\"og:image:type\" content=\"image\/jpeg\" \/>\n<meta name=\"twitter:card\" content=\"summary_large_image\" \/>\n<script type=\"application\/ld+json\" class=\"yoast-schema-graph\">{\"@context\":\"https:\/\/schema.org\",\"@graph\":[{\"@type\":\"WebPage\",\"@id\":\"https:\/\/www.diatex.com\/fr\/marches\/medical\/\",\"url\":\"https:\/\/www.diatex.com\/fr\/marches\/medical\/\",\"name\":\"M\u00e9dical - Diatex\",\"isPartOf\":{\"@id\":\"https:\/\/www.diatex.com\/fr\/#website\"},\"primaryImageOfPage\":{\"@id\":\"https:\/\/www.diatex.com\/fr\/marches\/medical\/#primaryimage\"},\"image\":{\"@id\":\"https:\/\/www.diatex.com\/fr\/marches\/medical\/#primaryimage\"},\"thumbnailUrl\":\"https:\/\/www.diatex.com\/wp-content\/uploads\/2020\/05\/medical-march\u00e9-365-x-240-px.jpg\",\"datePublished\":\"2020-05-20T08:35:44+00:00\",\"dateModified\":\"2022-10-07T12:17:14+00:00\",\"description\":\"Masques, blouses, sas d\u2019isolation, textiles anti-bact\u00e9rien\/virucides, parois mobiles, sac de confinement, tentes m\u00e9dicales d'urgence\",\"breadcrumb\":{\"@id\":\"https:\/\/www.diatex.com\/fr\/marches\/medical\/#breadcrumb\"},\"inLanguage\":\"fr-FR\",\"potentialAction\":[{\"@type\":\"ReadAction\",\"target\":[\"https:\/\/www.diatex.com\/fr\/marches\/medical\/\"]}]},{\"@type\":\"ImageObject\",\"inLanguage\":\"fr-FR\",\"@id\":\"https:\/\/www.diatex.com\/fr\/marches\/medical\/#primaryimage\",\"url\":\"https:\/\/www.diatex.com\/wp-content\/uploads\/2020\/05\/medical-march\u00e9-365-x-240-px.jpg\",\"contentUrl\":\"https:\/\/www.diatex.com\/wp-content\/uploads\/2020\/05\/medical-march\u00e9-365-x-240-px.jpg\",\"width\":365,\"height\":240,\"caption\":\"March\u00e9 du m\u00e9dical\"},{\"@type\":\"BreadcrumbList\",\"@id\":\"https:\/\/www.diatex.com\/fr\/marches\/medical\/#breadcrumb\",\"itemListElement\":[{\"@type\":\"ListItem\",\"position\":1,\"name\":\"Accueil\",\"item\":\"https:\/\/www.diatex.com\/fr\/\"},{\"@type\":\"ListItem\",\"position\":2,\"name\":\"March\u00e9s\",\"item\":\"https:\/\/www.diatex.com\/fr\/marches\/\"},{\"@type\":\"ListItem\",\"position\":3,\"name\":\"M\u00e9dical\"}]},{\"@type\":\"WebSite\",\"@id\":\"https:\/\/www.diatex.com\/fr\/#website\",\"url\":\"https:\/\/www.diatex.com\/fr\/\",\"name\":\"Diatex\",\"description\":\"\",\"potentialAction\":[{\"@type\":\"SearchAction\",\"target\":{\"@type\":\"EntryPoint\",\"urlTemplate\":\"https:\/\/www.diatex.com\/fr\/?s={search_term_string}\"},\"query-input\":{\"@type\":\"PropertyValueSpecification\",\"valueRequired\":true,\"valueName\":\"search_term_string\"}}],\"inLanguage\":\"fr-FR\"}]}<\/script>\n<!-- \/ Yoast SEO plugin. -->","yoast_head_json":{"title":"M\u00e9dical - Diatex","description":"Masques, blouses, sas d\u2019isolation, textiles anti-bact\u00e9rien\/virucides, parois mobiles, sac de confinement, tentes m\u00e9dicales d'urgence","robots":{"index":"index","follow":"follow","max-snippet":"max-snippet:-1","max-image-preview":"max-image-preview:large","max-video-preview":"max-video-preview:-1"},"canonical":"https:\/\/www.diatex.com\/fr\/marches\/medical\/","og_locale":"fr_FR","og_type":"article","og_title":"M\u00e9dical - Diatex","og_description":"Masques, blouses, sas d\u2019isolation, textiles anti-bact\u00e9rien\/virucides, parois mobiles, sac de confinement, tentes m\u00e9dicales d'urgence","og_url":"https:\/\/www.diatex.com\/fr\/marches\/medical\/","og_site_name":"Diatex","article_modified_time":"2022-10-07T12:17:14+00:00","og_image":[{"width":365,"height":240,"url":"https:\/\/www.diatex.com\/var\/www\/diatex.com\/web\/uploads\/2020\/05\/medical-march\u00e9-365-x-240-px.jpg","type":"image\/jpeg"}],"twitter_card":"summary_large_image","schema":{"@context":"https:\/\/schema.org","@graph":[{"@type":"WebPage","@id":"https:\/\/www.diatex.com\/fr\/marches\/medical\/","url":"https:\/\/www.diatex.com\/fr\/marches\/medical\/","name":"M\u00e9dical - Diatex","isPartOf":{"@id":"https:\/\/www.diatex.com\/fr\/#website"},"primaryImageOfPage":{"@id":"https:\/\/www.diatex.com\/fr\/marches\/medical\/#primaryimage"},"image":{"@id":"https:\/\/www.diatex.com\/fr\/marches\/medical\/#primaryimage"},"thumbnailUrl":"https:\/\/www.diatex.com\/wp-content\/uploads\/2020\/05\/medical-march\u00e9-365-x-240-px.jpg","datePublished":"2020-05-20T08:35:44+00:00","dateModified":"2022-10-07T12:17:14+00:00","description":"Masques, blouses, sas d\u2019isolation, textiles anti-bact\u00e9rien\/virucides, parois mobiles, sac de confinement, tentes m\u00e9dicales d'urgence","breadcrumb":{"@id":"https:\/\/www.diatex.com\/fr\/marches\/medical\/#breadcrumb"},"inLanguage":"fr-FR","potentialAction":[{"@type":"ReadAction","target":["https:\/\/www.diatex.com\/fr\/marches\/medical\/"]}]},{"@type":"ImageObject","inLanguage":"fr-FR","@id":"https:\/\/www.diatex.com\/fr\/marches\/medical\/#primaryimage","url":"https:\/\/www.diatex.com\/wp-content\/uploads\/2020\/05\/medical-march\u00e9-365-x-240-px.jpg","contentUrl":"https:\/\/www.diatex.com\/wp-content\/uploads\/2020\/05\/medical-march\u00e9-365-x-240-px.jpg","width":365,"height":240,"caption":"March\u00e9 du m\u00e9dical"},{"@type":"BreadcrumbList","@id":"https:\/\/www.diatex.com\/fr\/marches\/medical\/#breadcrumb","itemListElement":[{"@type":"ListItem","position":1,"name":"Accueil","item":"https:\/\/www.diatex.com\/fr\/"},{"@type":"ListItem","position":2,"name":"March\u00e9s","item":"https:\/\/www.diatex.com\/fr\/marches\/"},{"@type":"ListItem","position":3,"name":"M\u00e9dical"}]},{"@type":"WebSite","@id":"https:\/\/www.diatex.com\/fr\/#website","url":"https:\/\/www.diatex.com\/fr\/","name":"Diatex","description":"","potentialAction":[{"@type":"SearchAction","target":{"@type":"EntryPoint","urlTemplate":"https:\/\/www.diatex.com\/fr\/?s={search_term_string}"},"query-input":{"@type":"PropertyValueSpecification","valueRequired":true,"valueName":"search_term_string"}}],"inLanguage":"fr-FR"}]}},"_links":{"self":[{"href":"https:\/\/www.diatex.com\/fr\/wp-json\/wp\/v2\/pages\/5818","targetHints":{"allow":["GET"]}}],"collection":[{"href":"https:\/\/www.diatex.com\/fr\/wp-json\/wp\/v2\/pages"}],"about":[{"href":"https:\/\/www.diatex.com\/fr\/wp-json\/wp\/v2\/types\/page"}],"author":[{"embeddable":true,"href":"https:\/\/www.diatex.com\/fr\/wp-json\/wp\/v2\/users\/2"}],"replies":[{"embeddable":true,"href":"https:\/\/www.diatex.com\/fr\/wp-json\/wp\/v2\/comments?post=5818"}],"version-history":[{"count":20,"href":"https:\/\/www.diatex.com\/fr\/wp-json\/wp\/v2\/pages\/5818\/revisions"}],"predecessor-version":[{"id":6733,"href":"https:\/\/www.diatex.com\/fr\/wp-json\/wp\/v2\/pages\/5818\/revisions\/6733"}],"up":[{"embeddable":true,"href":"https:\/\/www.diatex.com\/fr\/wp-json\/wp\/v2\/pages\/12"}],"wp:featuredmedia":[{"embeddable":true,"href":"https:\/\/www.diatex.com\/fr\/wp-json\/wp\/v2\/media\/5826"}],"wp:attachment":[{"href":"https:\/\/www.diatex.com\/fr\/wp-json\/wp\/v2\/media?parent=5818"}],"curies":[{"name":"wp","href":"https:\/\/api.w.org\/{rel}","templated":true}]}}