{"id":702,"date":"2018-12-18T10:33:22","date_gmt":"2018-12-18T09:33:22","guid":{"rendered":"https:\/\/www.diatex.com\/?page_id=702"},"modified":"2023-07-11T12:11:44","modified_gmt":"2023-07-11T10:11:44","slug":"confection-doutillages-silicone-personnalises-sur-mesure","status":"publish","type":"page","link":"https:\/\/www.diatex.com\/fr\/activites-services\/division-composites\/confection-doutillages-silicone-personnalises-sur-mesure\/","title":{"rendered":"Outillages silicone r\u00e9utilisables personnalisable et sur-mesure"},"content":{"rendered":"","protected":false},"excerpt":{"rendered":"","protected":false},"author":6,"featured_media":0,"parent":640,"menu_order":0,"comment_status":"closed","ping_status":"closed","template":"","meta":{"_acf_changed":false,"passster_activate_protection":false,"passster_protect_child_pages":"","passster_protection_type":"password","passster_password":"","passster_activate_overwrite_defaults":"","passster_headline":"","passster_instruction":"","passster_placeholder":"","passster_button":"","passster_id":"","passster_activate_misc_settings":"","passster_redirect_url":"","passster_hide":"no","passster_area_shortcode":"","footnotes":""},"class_list":["post-702","page","type-page","status-publish","hentry"],"acf":[],"yoast_head":"<!-- This site is optimized with the Yoast SEO plugin v25.0 - https:\/\/yoast.com\/wordpress\/plugins\/seo\/ -->\n<title>Outillages silicone r\u00e9utilisables - Silicone pour infusion - Silicone vulcanisable | Diatex<\/title>\n<meta name=\"description\" content=\"Confection d&#039;outillages silicone personnalis\u00e9s et sur-mesure pour r\u00e9aliser des productions optimis\u00e9es. Outillage silicone r\u00e9utilisable.\" \/>\n<meta name=\"robots\" content=\"index, follow, max-snippet:-1, max-image-preview:large, max-video-preview:-1\" \/>\n<link rel=\"canonical\" href=\"https:\/\/www.diatex.com\/fr\/activites-services\/division-composites\/confection-doutillages-silicone-personnalises-sur-mesure\/\" \/>\n<meta property=\"og:locale\" content=\"fr_FR\" \/>\n<meta property=\"og:type\" content=\"article\" \/>\n<meta property=\"og:title\" content=\"Outillages silicone r\u00e9utilisables - Silicone pour infusion - Silicone vulcanisable | Diatex\" \/>\n<meta property=\"og:description\" content=\"Confection d&#039;outillages silicone personnalis\u00e9s et sur-mesure pour r\u00e9aliser des productions optimis\u00e9es. Outillage silicone r\u00e9utilisable.\" \/>\n<meta property=\"og:url\" content=\"https:\/\/www.diatex.com\/fr\/activites-services\/division-composites\/confection-doutillages-silicone-personnalises-sur-mesure\/\" \/>\n<meta property=\"og:site_name\" content=\"Diatex\" \/>\n<meta property=\"article:modified_time\" content=\"2023-07-11T10:11:44+00:00\" \/>\n<meta name=\"twitter:card\" content=\"summary_large_image\" \/>\n<script type=\"application\/ld+json\" class=\"yoast-schema-graph\">{\"@context\":\"https:\/\/schema.org\",\"@graph\":[{\"@type\":\"WebPage\",\"@id\":\"https:\/\/www.diatex.com\/fr\/activites-services\/division-composites\/confection-doutillages-silicone-personnalises-sur-mesure\/\",\"url\":\"https:\/\/www.diatex.com\/fr\/activites-services\/division-composites\/confection-doutillages-silicone-personnalises-sur-mesure\/\",\"name\":\"Outillages silicone r\u00e9utilisables - Silicone pour infusion - Silicone vulcanisable | Diatex\",\"isPartOf\":{\"@id\":\"https:\/\/www.diatex.com\/fr\/#website\"},\"datePublished\":\"2018-12-18T09:33:22+00:00\",\"dateModified\":\"2023-07-11T10:11:44+00:00\",\"description\":\"Confection d'outillages silicone personnalis\u00e9s et sur-mesure pour r\u00e9aliser des productions optimis\u00e9es. Outillage silicone r\u00e9utilisable.\",\"breadcrumb\":{\"@id\":\"https:\/\/www.diatex.com\/fr\/activites-services\/division-composites\/confection-doutillages-silicone-personnalises-sur-mesure\/#breadcrumb\"},\"inLanguage\":\"fr-FR\",\"potentialAction\":[{\"@type\":\"ReadAction\",\"target\":[\"https:\/\/www.diatex.com\/fr\/activites-services\/division-composites\/confection-doutillages-silicone-personnalises-sur-mesure\/\"]}]},{\"@type\":\"BreadcrumbList\",\"@id\":\"https:\/\/www.diatex.com\/fr\/activites-services\/division-composites\/confection-doutillages-silicone-personnalises-sur-mesure\/#breadcrumb\",\"itemListElement\":[{\"@type\":\"ListItem\",\"position\":1,\"name\":\"Accueil\",\"item\":\"https:\/\/www.diatex.com\/fr\/\"},{\"@type\":\"ListItem\",\"position\":2,\"name\":\"Activit\u00e9s &#038; Services\",\"item\":\"https:\/\/www.diatex.com\/fr\/activites-services\/\"},{\"@type\":\"ListItem\",\"position\":3,\"name\":\"Division Composites\",\"item\":\"https:\/\/www.diatex.com\/fr\/activites-services\/division-composites\/\"},{\"@type\":\"ListItem\",\"position\":4,\"name\":\"Outillages silicone r\u00e9utilisables personnalisable et sur-mesure\"}]},{\"@type\":\"WebSite\",\"@id\":\"https:\/\/www.diatex.com\/fr\/#website\",\"url\":\"https:\/\/www.diatex.com\/fr\/\",\"name\":\"Diatex\",\"description\":\"\",\"potentialAction\":[{\"@type\":\"SearchAction\",\"target\":{\"@type\":\"EntryPoint\",\"urlTemplate\":\"https:\/\/www.diatex.com\/fr\/?s={search_term_string}\"},\"query-input\":{\"@type\":\"PropertyValueSpecification\",\"valueRequired\":true,\"valueName\":\"search_term_string\"}}],\"inLanguage\":\"fr-FR\"}]}<\/script>\n<!-- \/ Yoast SEO plugin. -->","yoast_head_json":{"title":"Outillages silicone r\u00e9utilisables - Silicone pour infusion - Silicone vulcanisable | Diatex","description":"Confection d'outillages silicone personnalis\u00e9s et sur-mesure pour r\u00e9aliser des productions optimis\u00e9es. Outillage silicone r\u00e9utilisable.","robots":{"index":"index","follow":"follow","max-snippet":"max-snippet:-1","max-image-preview":"max-image-preview:large","max-video-preview":"max-video-preview:-1"},"canonical":"https:\/\/www.diatex.com\/fr\/activites-services\/division-composites\/confection-doutillages-silicone-personnalises-sur-mesure\/","og_locale":"fr_FR","og_type":"article","og_title":"Outillages silicone r\u00e9utilisables - Silicone pour infusion - Silicone vulcanisable | Diatex","og_description":"Confection d'outillages silicone personnalis\u00e9s et sur-mesure pour r\u00e9aliser des productions optimis\u00e9es. Outillage silicone r\u00e9utilisable.","og_url":"https:\/\/www.diatex.com\/fr\/activites-services\/division-composites\/confection-doutillages-silicone-personnalises-sur-mesure\/","og_site_name":"Diatex","article_modified_time":"2023-07-11T10:11:44+00:00","twitter_card":"summary_large_image","schema":{"@context":"https:\/\/schema.org","@graph":[{"@type":"WebPage","@id":"https:\/\/www.diatex.com\/fr\/activites-services\/division-composites\/confection-doutillages-silicone-personnalises-sur-mesure\/","url":"https:\/\/www.diatex.com\/fr\/activites-services\/division-composites\/confection-doutillages-silicone-personnalises-sur-mesure\/","name":"Outillages silicone r\u00e9utilisables - Silicone pour infusion - Silicone vulcanisable | Diatex","isPartOf":{"@id":"https:\/\/www.diatex.com\/fr\/#website"},"datePublished":"2018-12-18T09:33:22+00:00","dateModified":"2023-07-11T10:11:44+00:00","description":"Confection d'outillages silicone personnalis\u00e9s et sur-mesure pour r\u00e9aliser des productions optimis\u00e9es. Outillage silicone r\u00e9utilisable.","breadcrumb":{"@id":"https:\/\/www.diatex.com\/fr\/activites-services\/division-composites\/confection-doutillages-silicone-personnalises-sur-mesure\/#breadcrumb"},"inLanguage":"fr-FR","potentialAction":[{"@type":"ReadAction","target":["https:\/\/www.diatex.com\/fr\/activites-services\/division-composites\/confection-doutillages-silicone-personnalises-sur-mesure\/"]}]},{"@type":"BreadcrumbList","@id":"https:\/\/www.diatex.com\/fr\/activites-services\/division-composites\/confection-doutillages-silicone-personnalises-sur-mesure\/#breadcrumb","itemListElement":[{"@type":"ListItem","position":1,"name":"Accueil","item":"https:\/\/www.diatex.com\/fr\/"},{"@type":"ListItem","position":2,"name":"Activit\u00e9s &#038; Services","item":"https:\/\/www.diatex.com\/fr\/activites-services\/"},{"@type":"ListItem","position":3,"name":"Division Composites","item":"https:\/\/www.diatex.com\/fr\/activites-services\/division-composites\/"},{"@type":"ListItem","position":4,"name":"Outillages silicone r\u00e9utilisables personnalisable et sur-mesure"}]},{"@type":"WebSite","@id":"https:\/\/www.diatex.com\/fr\/#website","url":"https:\/\/www.diatex.com\/fr\/","name":"Diatex","description":"","potentialAction":[{"@type":"SearchAction","target":{"@type":"EntryPoint","urlTemplate":"https:\/\/www.diatex.com\/fr\/?s={search_term_string}"},"query-input":{"@type":"PropertyValueSpecification","valueRequired":true,"valueName":"search_term_string"}}],"inLanguage":"fr-FR"}]}},"_links":{"self":[{"href":"https:\/\/www.diatex.com\/fr\/wp-json\/wp\/v2\/pages\/702","targetHints":{"allow":["GET"]}}],"collection":[{"href":"https:\/\/www.diatex.com\/fr\/wp-json\/wp\/v2\/pages"}],"about":[{"href":"https:\/\/www.diatex.com\/fr\/wp-json\/wp\/v2\/types\/page"}],"author":[{"embeddable":true,"href":"https:\/\/www.diatex.com\/fr\/wp-json\/wp\/v2\/users\/6"}],"replies":[{"embeddable":true,"href":"https:\/\/www.diatex.com\/fr\/wp-json\/wp\/v2\/comments?post=702"}],"version-history":[{"count":23,"href":"https:\/\/www.diatex.com\/fr\/wp-json\/wp\/v2\/pages\/702\/revisions"}],"predecessor-version":[{"id":11635,"href":"https:\/\/www.diatex.com\/fr\/wp-json\/wp\/v2\/pages\/702\/revisions\/11635"}],"up":[{"embeddable":true,"href":"https:\/\/www.diatex.com\/fr\/wp-json\/wp\/v2\/pages\/640"}],"wp:attachment":[{"href":"https:\/\/www.diatex.com\/fr\/wp-json\/wp\/v2\/media?parent=702"}],"curies":[{"name":"wp","href":"https:\/\/api.w.org\/{rel}","templated":true}]}}