{"id":871,"date":"2018-12-27T17:43:28","date_gmt":"2018-12-27T16:43:28","guid":{"rendered":"https:\/\/www.diatex.com\/?page_id=871"},"modified":"2023-03-21T13:49:35","modified_gmt":"2023-03-21T12:49:35","slug":"evenementiel","status":"publish","type":"page","link":"https:\/\/www.diatex.com\/fr\/marches\/evenementiel\/","title":{"rendered":"Ev\u00e9nementiel"},"content":{"rendered":"","protected":false},"excerpt":{"rendered":"","protected":false},"author":6,"featured_media":5788,"parent":12,"menu_order":8,"comment_status":"closed","ping_status":"closed","template":"","meta":{"_acf_changed":false,"passster_activate_protection":false,"passster_protect_child_pages":"","passster_protection_type":"password","passster_password":"","passster_activate_overwrite_defaults":"","passster_headline":"","passster_instruction":"","passster_placeholder":"","passster_button":"","passster_id":"","passster_activate_misc_settings":"","passster_redirect_url":"","passster_hide":"no","passster_area_shortcode":"","footnotes":""},"class_list":["post-871","page","type-page","status-publish","has-post-thumbnail","hentry"],"acf":[],"yoast_head":"<!-- This site is optimized with the Yoast SEO plugin v25.0 - https:\/\/yoast.com\/wordpress\/plugins\/seo\/ -->\n<title>Tissus et textiles techniques Ev\u00e9nementiel | Diatex<\/title>\n<meta name=\"description\" content=\"Supports d&#039;impression, textiles pour d\u00e9coration sc\u00e9nique, structures gonflables, tissus diffusants ou occultants, ballons \u00e9clairants.\" \/>\n<meta name=\"robots\" content=\"index, follow, max-snippet:-1, max-image-preview:large, max-video-preview:-1\" \/>\n<link rel=\"canonical\" href=\"https:\/\/www.diatex.com\/fr\/marches\/evenementiel\/\" \/>\n<meta property=\"og:locale\" content=\"fr_FR\" \/>\n<meta property=\"og:type\" content=\"article\" \/>\n<meta property=\"og:title\" content=\"Tissus et textiles techniques Ev\u00e9nementiel | Diatex\" \/>\n<meta property=\"og:description\" content=\"Supports d&#039;impression, textiles pour d\u00e9coration sc\u00e9nique, structures gonflables, tissus diffusants ou occultants, ballons \u00e9clairants.\" \/>\n<meta property=\"og:url\" content=\"https:\/\/www.diatex.com\/fr\/marches\/evenementiel\/\" \/>\n<meta property=\"og:site_name\" content=\"Diatex\" \/>\n<meta property=\"article:modified_time\" content=\"2023-03-21T12:49:35+00:00\" \/>\n<meta property=\"og:image\" content=\"https:\/\/www.diatex.com\/var\/www\/diatex.com\/web\/uploads\/2020\/05\/Ev\u00e9nementiel2-365-x-240-px.jpg\" \/>\n\t<meta property=\"og:image:width\" content=\"365\" \/>\n\t<meta property=\"og:image:height\" content=\"240\" \/>\n\t<meta property=\"og:image:type\" content=\"image\/jpeg\" \/>\n<meta name=\"twitter:card\" content=\"summary_large_image\" \/>\n<script type=\"application\/ld+json\" class=\"yoast-schema-graph\">{\"@context\":\"https:\/\/schema.org\",\"@graph\":[{\"@type\":\"WebPage\",\"@id\":\"https:\/\/www.diatex.com\/fr\/marches\/evenementiel\/\",\"url\":\"https:\/\/www.diatex.com\/fr\/marches\/evenementiel\/\",\"name\":\"Tissus et textiles techniques Ev\u00e9nementiel | Diatex\",\"isPartOf\":{\"@id\":\"https:\/\/www.diatex.com\/fr\/#website\"},\"primaryImageOfPage\":{\"@id\":\"https:\/\/www.diatex.com\/fr\/marches\/evenementiel\/#primaryimage\"},\"image\":{\"@id\":\"https:\/\/www.diatex.com\/fr\/marches\/evenementiel\/#primaryimage\"},\"thumbnailUrl\":\"https:\/\/www.diatex.com\/wp-content\/uploads\/2020\/05\/Ev\u00e9nementiel2-365-x-240-px.jpg\",\"datePublished\":\"2018-12-27T16:43:28+00:00\",\"dateModified\":\"2023-03-21T12:49:35+00:00\",\"description\":\"Supports d'impression, textiles pour d\u00e9coration sc\u00e9nique, structures gonflables, tissus diffusants ou occultants, ballons \u00e9clairants.\",\"breadcrumb\":{\"@id\":\"https:\/\/www.diatex.com\/fr\/marches\/evenementiel\/#breadcrumb\"},\"inLanguage\":\"fr-FR\",\"potentialAction\":[{\"@type\":\"ReadAction\",\"target\":[\"https:\/\/www.diatex.com\/fr\/marches\/evenementiel\/\"]}]},{\"@type\":\"ImageObject\",\"inLanguage\":\"fr-FR\",\"@id\":\"https:\/\/www.diatex.com\/fr\/marches\/evenementiel\/#primaryimage\",\"url\":\"https:\/\/www.diatex.com\/wp-content\/uploads\/2020\/05\/Ev\u00e9nementiel2-365-x-240-px.jpg\",\"contentUrl\":\"https:\/\/www.diatex.com\/wp-content\/uploads\/2020\/05\/Ev\u00e9nementiel2-365-x-240-px.jpg\",\"width\":365,\"height\":240,\"caption\":\"march\u00e9-\u00e9v\u00e9nementiel\"},{\"@type\":\"BreadcrumbList\",\"@id\":\"https:\/\/www.diatex.com\/fr\/marches\/evenementiel\/#breadcrumb\",\"itemListElement\":[{\"@type\":\"ListItem\",\"position\":1,\"name\":\"Accueil\",\"item\":\"https:\/\/www.diatex.com\/fr\/\"},{\"@type\":\"ListItem\",\"position\":2,\"name\":\"March\u00e9s\",\"item\":\"https:\/\/www.diatex.com\/fr\/marches\/\"},{\"@type\":\"ListItem\",\"position\":3,\"name\":\"Ev\u00e9nementiel\"}]},{\"@type\":\"WebSite\",\"@id\":\"https:\/\/www.diatex.com\/fr\/#website\",\"url\":\"https:\/\/www.diatex.com\/fr\/\",\"name\":\"Diatex\",\"description\":\"\",\"potentialAction\":[{\"@type\":\"SearchAction\",\"target\":{\"@type\":\"EntryPoint\",\"urlTemplate\":\"https:\/\/www.diatex.com\/fr\/?s={search_term_string}\"},\"query-input\":{\"@type\":\"PropertyValueSpecification\",\"valueRequired\":true,\"valueName\":\"search_term_string\"}}],\"inLanguage\":\"fr-FR\"}]}<\/script>\n<!-- \/ Yoast SEO plugin. -->","yoast_head_json":{"title":"Tissus et textiles techniques Ev\u00e9nementiel | Diatex","description":"Supports d'impression, textiles pour d\u00e9coration sc\u00e9nique, structures gonflables, tissus diffusants ou occultants, ballons \u00e9clairants.","robots":{"index":"index","follow":"follow","max-snippet":"max-snippet:-1","max-image-preview":"max-image-preview:large","max-video-preview":"max-video-preview:-1"},"canonical":"https:\/\/www.diatex.com\/fr\/marches\/evenementiel\/","og_locale":"fr_FR","og_type":"article","og_title":"Tissus et textiles techniques Ev\u00e9nementiel | Diatex","og_description":"Supports d'impression, textiles pour d\u00e9coration sc\u00e9nique, structures gonflables, tissus diffusants ou occultants, ballons \u00e9clairants.","og_url":"https:\/\/www.diatex.com\/fr\/marches\/evenementiel\/","og_site_name":"Diatex","article_modified_time":"2023-03-21T12:49:35+00:00","og_image":[{"width":365,"height":240,"url":"https:\/\/www.diatex.com\/var\/www\/diatex.com\/web\/uploads\/2020\/05\/Ev\u00e9nementiel2-365-x-240-px.jpg","type":"image\/jpeg"}],"twitter_card":"summary_large_image","schema":{"@context":"https:\/\/schema.org","@graph":[{"@type":"WebPage","@id":"https:\/\/www.diatex.com\/fr\/marches\/evenementiel\/","url":"https:\/\/www.diatex.com\/fr\/marches\/evenementiel\/","name":"Tissus et textiles techniques Ev\u00e9nementiel | Diatex","isPartOf":{"@id":"https:\/\/www.diatex.com\/fr\/#website"},"primaryImageOfPage":{"@id":"https:\/\/www.diatex.com\/fr\/marches\/evenementiel\/#primaryimage"},"image":{"@id":"https:\/\/www.diatex.com\/fr\/marches\/evenementiel\/#primaryimage"},"thumbnailUrl":"https:\/\/www.diatex.com\/wp-content\/uploads\/2020\/05\/Ev\u00e9nementiel2-365-x-240-px.jpg","datePublished":"2018-12-27T16:43:28+00:00","dateModified":"2023-03-21T12:49:35+00:00","description":"Supports d'impression, textiles pour d\u00e9coration sc\u00e9nique, structures gonflables, tissus diffusants ou occultants, ballons \u00e9clairants.","breadcrumb":{"@id":"https:\/\/www.diatex.com\/fr\/marches\/evenementiel\/#breadcrumb"},"inLanguage":"fr-FR","potentialAction":[{"@type":"ReadAction","target":["https:\/\/www.diatex.com\/fr\/marches\/evenementiel\/"]}]},{"@type":"ImageObject","inLanguage":"fr-FR","@id":"https:\/\/www.diatex.com\/fr\/marches\/evenementiel\/#primaryimage","url":"https:\/\/www.diatex.com\/wp-content\/uploads\/2020\/05\/Ev\u00e9nementiel2-365-x-240-px.jpg","contentUrl":"https:\/\/www.diatex.com\/wp-content\/uploads\/2020\/05\/Ev\u00e9nementiel2-365-x-240-px.jpg","width":365,"height":240,"caption":"march\u00e9-\u00e9v\u00e9nementiel"},{"@type":"BreadcrumbList","@id":"https:\/\/www.diatex.com\/fr\/marches\/evenementiel\/#breadcrumb","itemListElement":[{"@type":"ListItem","position":1,"name":"Accueil","item":"https:\/\/www.diatex.com\/fr\/"},{"@type":"ListItem","position":2,"name":"March\u00e9s","item":"https:\/\/www.diatex.com\/fr\/marches\/"},{"@type":"ListItem","position":3,"name":"Ev\u00e9nementiel"}]},{"@type":"WebSite","@id":"https:\/\/www.diatex.com\/fr\/#website","url":"https:\/\/www.diatex.com\/fr\/","name":"Diatex","description":"","potentialAction":[{"@type":"SearchAction","target":{"@type":"EntryPoint","urlTemplate":"https:\/\/www.diatex.com\/fr\/?s={search_term_string}"},"query-input":{"@type":"PropertyValueSpecification","valueRequired":true,"valueName":"search_term_string"}}],"inLanguage":"fr-FR"}]}},"_links":{"self":[{"href":"https:\/\/www.diatex.com\/fr\/wp-json\/wp\/v2\/pages\/871","targetHints":{"allow":["GET"]}}],"collection":[{"href":"https:\/\/www.diatex.com\/fr\/wp-json\/wp\/v2\/pages"}],"about":[{"href":"https:\/\/www.diatex.com\/fr\/wp-json\/wp\/v2\/types\/page"}],"author":[{"embeddable":true,"href":"https:\/\/www.diatex.com\/fr\/wp-json\/wp\/v2\/users\/6"}],"replies":[{"embeddable":true,"href":"https:\/\/www.diatex.com\/fr\/wp-json\/wp\/v2\/comments?post=871"}],"version-history":[{"count":38,"href":"https:\/\/www.diatex.com\/fr\/wp-json\/wp\/v2\/pages\/871\/revisions"}],"predecessor-version":[{"id":10811,"href":"https:\/\/www.diatex.com\/fr\/wp-json\/wp\/v2\/pages\/871\/revisions\/10811"}],"up":[{"embeddable":true,"href":"https:\/\/www.diatex.com\/fr\/wp-json\/wp\/v2\/pages\/12"}],"wp:featuredmedia":[{"embeddable":true,"href":"https:\/\/www.diatex.com\/fr\/wp-json\/wp\/v2\/media\/5788"}],"wp:attachment":[{"href":"https:\/\/www.diatex.com\/fr\/wp-json\/wp\/v2\/media?parent=871"}],"curies":[{"name":"wp","href":"https:\/\/api.w.org\/{rel}","templated":true}]}}